{"id":64,"date":"2025-03-05T14:43:07","date_gmt":"2025-03-05T13:43:07","guid":{"rendered":"https:\/\/verdenet-arruat-osteopathie.fr\/?page_id=64"},"modified":"2025-03-12T23:07:21","modified_gmt":"2025-03-12T22:07:21","slug":"nos-actions","status":"publish","type":"page","link":"https:\/\/verdenet-arruat-osteopathie.fr\/index.php\/nos-actions\/","title":{"rendered":"Nos actions"},"content":{"rendered":"\n<h2 class=\"wp-block-heading\">D\u00e9finition Ost\u00e9opathie :<\/h2>\n\n\n\n<p><br>L\u2019ost\u00e9opathie est une m\u00e9thode de soins qui s\u2019emploie \u00e0 d\u00e9terminer et \u00e0 traiter les restrictions de mobilit\u00e9s qui peuvent affecter l\u2019ensemble des structures qui composent le corps humain.<br>Toute perte de mobilit\u00e9 des articulations, des muscles, des ligaments ou des visc\u00e8res peuvent provoquer un d\u00e9s\u00e9quilibre de l\u2019\u00e9tat de sant\u00e9.\u00a0<\/p>\n\n\n\n<p>L\u2019ost\u00e9opathie est fond\u00e9e sur la capacit\u00e9 du corps \u00e0 s\u2019auto \u00e9quilibrer et sur une connaissance approfondie de l\u2019anatomie avec des comp\u00e9tences sp\u00e9cifiques, et une connaissance approfondie du fonctionnement du corps humain et des interactions entre chacun des syst\u00e8mes.&nbsp;<\/p>\n\n\n\n<p>L\u2019ost\u00e9opathie repose sur 3 concepts :&nbsp;<\/p>\n\n\n\n<ul class=\"wp-block-list\">\n<li>la main, outils d\u2019analyse et de soins<\/li>\n\n\n\n<li>la prise en compte de la globalit\u00e9 de l\u2019individu&nbsp;<\/li>\n\n\n\n<li>le principe d\u2019\u00e9quilibre tissulaire<\/li>\n<\/ul>\n\n\n\n<p>Elle pr\u00e9vient et soigne de ombreux troubles physiques et agit \u00e9galement aux plans nerveux, fonctionnel et psychologique. Elle permet d\u2019atteindre un mieux \u00eatre au quotidien.<br><br>L\u2019ost\u00e9opathie choisit la technique la mieux adapt\u00e9e et la plus confortable pour chaque patient, en fonction de son \u00e2ge, de sa morphologie et de la zone du corps \u00e0 corriger. Il peut traiter le nourrisson, l\u2019enfant, l\u2019adulte, le sportif comme la personne \u00e2g\u00e9e.&nbsp;<\/p>\n\n\n\n<p><strong>La pr\u00e9vention, un gage de sant\u00e9<\/strong>. Des traumatismes, physiques ou \u00e9motionnels, anciens ou pass\u00e9s inaper\u00e7us sont susceptibles de provoquer des s\u00e9quelles douloureuses m\u00eame plusieurs ann\u00e9es apr\u00e8s. L\u2019ost\u00e9opathe fait prendre conscience \u00e0 chacun qu\u2019il est responsable de son \u00ab\u00a0capital sant\u00e9\u00a0\u00bb qu\u2019il peut pr\u00e9server par un suivi ost\u00e9opathique r\u00e9gulier.\u00a0<\/p>\n\n\n\n<p><\/p>\n\n\n\n<h2 class=\"wp-block-heading\">Ost\u00e9opathie et Sport : <\/h2>\n\n\n\n<p>Toute perte de mobilit\u00e9 des articulations, des muscles, des ligaments ou des visc\u00e8res peut provoquer un d\u00e9s\u00e9quilibre de l\u2019\u00e9tat de sant\u00e9. Celui ci se manifeste chez le sportif par diff\u00e9rents sympt\u00f4mes, de la simple contracture \u00e0 la douleur chronique, alt\u00e9rant de toute fa\u00e7on les performances.\u00a0<\/p>\n\n\n\n<p>Structure \u00e9quilibr\u00e9e + mobilit\u00e9 correcte = fonction optimale&nbsp;<\/p>\n\n\n\n<p>Quand consulter ?&nbsp;<\/p>\n\n\n\n<ul class=\"wp-block-list\">\n<li>\u00e0 titre pr\u00e9ventif pour \u00e9tablir un bilan ou pr\u00e9parer une \u00e9preuve.&nbsp;<\/li>\n\n\n\n<li>\u00e0 titre curatif\n<ul class=\"wp-block-list\">\n<li>pour r\u00e9\u00e9quilibrer de fa\u00e7on tr\u00e8s pr\u00e9cise les axes des articulations qui ont \u00e9t\u00e9 perturb\u00e9s par un choc&nbsp;<\/li>\n\n\n\n<li>apr\u00e8s fractures \/ entorses ou op\u00e9rations chirurgicales pour aider \u00e0 une bonne cicatrisation&nbsp;<\/li>\n\n\n\n<li>pour effacer les traumatismes m\u00eame anciens<\/li>\n<\/ul>\n<\/li>\n\n\n\n<li>mais aussi en cas de :\n<ul class=\"wp-block-list\">\n<li>chutes sans l\u00e9sions visibles<\/li>\n\n\n\n<li>tendinites&nbsp;<\/li>\n\n\n\n<li>mauvaises r\u00e9cup\u00e9rations entre les \u00e9preuves&nbsp;<\/li>\n\n\n\n<li>\u2026\u00a0\u00a0<\/li>\n<\/ul>\n<\/li>\n<\/ul>\n\n\n\n<p><\/p>\n\n\n\n<h2 class=\"wp-block-heading\">Ost\u00e9opathie et Mal de dos : <\/h2>\n\n\n\n<p>Le mal de dos (lombalgie, dorsalgie, cervicale) est le cheval de bataille de nombreuses sp\u00e9cialit\u00e9s m\u00e9dicales et param\u00e9dicales. L\u2019approche th\u00e9rapeutique de ces affections par l\u2019ost\u00e9opathe consiste \u00e0 consid\u00e9rer dans la majorit\u00e9 des cas ce sympt\u00f4me comme la cons\u00e9quence d\u2019une suite adaptative plus ou moins complexe. Par exemple, une douleur dorsale peut \u00eatre li\u00e9e \u00e0 des maux d\u2019estomac ou \u00e0 une dysfonction de la v\u00e9sicule biliaire. Et sp\u00e9cifique car l\u2019ost\u00e9opathe utiliser une gamme d\u2019outils th\u00e9rapeutiques allant de la manipulation vert\u00e9brale aux techniques visc\u00e9rales et cr\u00e2niennes.\u00a0<\/p>\n\n\n\n<p>Il ne faudra pas s\u2019\u00e9tonner de consulter pour le bas du dos et d\u2019\u00eatre soulag\u00e9 par la correction ost\u00e9opathie d\u2019un pied ou d\u2019un estomac. Nos habitudes gestuelles, nos obligations professionnelles, les stress du quotidien, l\u2019ergonomie de notre mobilier, une mauvaise alimentation, sont autant de causes de douleurs vert\u00e9brales.\u00a0<\/p>\n\n\n\n<p><\/p>\n\n\n\n<h2 class=\"wp-block-heading\">Ost\u00e9opathie et Grossesse : <\/h2>\n\n\n\n<p>La grossesse est un moment particulier dans la vie d\u2019une femme. Elle induit la n\u00e9cessit\u00e9 d\u2019une adaptation permanente de l\u2019ensemble de son organisme et de sa posture afin de faire face au bon d\u00e9veloppement de l\u2019embryon puis du foetus.\u00a0<\/p>\n\n\n\n<p>Consulter un ost\u00e9opathe pendant une grossesse aide \u00e0 aborder celle ci fa\u00e7on plus paisible et confortable, gr\u00e2ce \u00e0 des techniques douces, adapt\u00e9es et cibl\u00e9es.<\/p>\n\n\n\n<p><\/p>\n\n\n\n<h2 class=\"wp-block-heading\">Ost\u00e9opathie et Nourrisson : <\/h2>\n\n\n\n<p>Quand consulter ?\u00a0<\/p>\n\n\n\n<ul class=\"wp-block-list\">\n<li>lorsque l\u2019accouchement s\u2019est effectu\u00e9 sous p\u00e9ridurale&nbsp;<\/li>\n\n\n\n<li>quand le travail a \u00e9t\u00e9 trop long ou trop court&nbsp;<\/li>\n\n\n\n<li>en cas de grossesse g\u00e9mellaire<\/li>\n\n\n\n<li>si la pr\u00e9sentation s\u2019est faite par le si\u00e8ge, par la face ou par le front<\/li>\n\n\n\n<li>apr\u00e8s une forte traction sur la t\u00eate&nbsp;<\/li>\n\n\n\n<li>quand le cordon s\u2019est enroul\u00e9 autour du cou<\/li>\n\n\n\n<li>dans les cas de pr\u00e9maturit\u00e9&nbsp;<\/li>\n\n\n\n<li>si l\u2019expulsion a n\u00e9cessit\u00e9 une forte pression sur l\u2019abdomen maternel&nbsp;<\/li>\n\n\n\n<li>apr\u00e8s l\u2019emploi de forceps, ventouse ou spatule&nbsp;<\/li>\n\n\n\n<li>en cas de c\u00e9sarienne<\/li>\n\n\n\n<li>en cas de souffrance foetale, de r\u00e9animation m\u00eame l\u00e9g\u00e8re du b\u00e9b\u00e9&nbsp;<\/li>\n<\/ul>\n\n\n\n<p>Tant la position pendant le d\u00e9veloppement intra ut\u00e9rin que la naissance peuvent engendrer des difficult\u00e9s d\u2019adaptation pour le nouveau-n\u00e9.&nbsp;<\/p>\n\n\n\n<p>Un examen tr\u00e8s doux des diff\u00e9rentes r\u00e9gions du corps d\u00e9tectera ais\u00e9ment les signes cliniques accompagnant ses sympt\u00f4mes. Par une correction manuelle appropri\u00e9e, toujours en douceur, votre b\u00e9b\u00e9 retrouvera un \u00e9tat de confort optimal.<\/p>\n\n\n\n<p><\/p>\n\n\n\n<h2 class=\"wp-block-heading\">Ost\u00e9opathie et Enfant : <\/h2>\n\n\n\n<p>A l\u2019\u00e2ge de l\u2019apprentissage de la marche, avec parfois des chutes m\u00eame anodines, nous pouvons retrouver diff\u00e9rents troubles :\u00a0<\/p>\n\n\n\n<ul class=\"wp-block-list\">\n<li>sommeil perturb\u00e9<\/li>\n\n\n\n<li>affections ORL<\/li>\n\n\n\n<li>excitation, col\u00e8re, \u00e9nervement<\/li>\n\n\n\n<li>digestion perturb\u00e9e, constipation<\/li>\n\n\n\n<li>d\u00e9viation de la colonne vert\u00e9brale<\/li>\n\n\n\n<li>mauvaise statique, d\u00e9sordre postural \u2026<\/li>\n<\/ul>\n\n\n\n<p>L\u2019ost\u00e9opathie est une th\u00e9rapie de choix pour corriger les s\u00e9quelles des traumatismes.&nbsp;<\/p>\n\n\n\n<p>Avec la scolarit\u00e9, l\u2019enfant peut parfois \u00eatre d\u00e9cel\u00e9 \u00e0 l\u2019\u00e9cole comme \u00ab&nbsp;r\u00eaveur, manquant de concentration, dyslexique\u2026&nbsp;\u00bb, il trouvera alors une aide certaine dans le traitement ost\u00e9opathique.&nbsp;<\/p>\n\n\n\n<p>Les troubles de la statique chez l\u2019enfant (scoliose, hyperlordose ou hypercyphose) sont le signe d\u2019une mauvaise adaptation du corps. Les causes peuvent \u00eatre visc\u00e9rales, traumatiques, cr\u00e2niennes, seront d\u00e9termin\u00e9es par un diagnostic ost\u00e9opathique sp\u00e9cifique. des techniques adapt\u00e9es am\u00e9lioreront ces troubles vert\u00e9braux.<br>La collaboration avec d\u2019autres professionnels de sant\u00e9 (podologue, kin\u00e9sith\u00e9rapeute, ..) est parfois n\u00e9cessaire.&nbsp;<\/p>\n\n\n\n<p>Lors de la pause d\u2019un appareil dentaire, les orthodontistes travaillent en collaboration avec les ost\u00e9opathes pour la r\u00e9ussite du traitement et pour le confort de l\u2019enfant. L\u2019appareil orthodontique prend appui sur les structures du cr\u00e2ne pour faire levier sur la m\u00e2choire et les dents. Ces contraintes peuvent provoquer :&nbsp;<\/p>\n\n\n\n<ul class=\"wp-block-list\">\n<li>maux de t\u00eate, maux de dos<\/li>\n\n\n\n<li>vertiges&nbsp;<\/li>\n\n\n\n<li>troubles visuels<\/li>\n\n\n\n<li>difficult\u00e9 de concentration&nbsp;<\/li>\n\n\n\n<li>modification de l\u2019humeur<\/li>\n<\/ul>\n\n\n\n<p>Un suivi ost\u00e9opathique r\u00e9gulier au cours des soins dentaires est n\u00e9cessaire pour pallier \u00e0 ces maux, contr\u00f4ler et guider les r\u00e9actions du cr\u00e2ne et du corps.<\/p>\n\n\n\n<p><\/p>\n\n\n\n<h2 class=\"wp-block-heading\">Ost\u00e9opathie et le Monde du travail : <\/h2>\n\n\n\n<p>Les TMS touchent toutes les professions, quel que soit le secteur d\u2019activit\u00e9 et repr\u00e9sentent plus de 80% des maladies professionnelles actuellement reconnues.<\/p>\n\n\n\n<p>Fatigue oculaire, maux de t\u00eate, mal de dos, raideur du cou et des \u00e9paules, fourmillements dans les doigts sont les principales pathologies li\u00e9es au travail sur lesquelles l\u2019ost\u00e9opathie peut agir.<\/p>\n\n\n\n<p>A l\u2019\u00e9coute de ces affections musculaires ou articulaires li\u00e9s aux conditions de travail, l\u2019ost\u00e9opathe utilise une m\u00e9thode de soins qui s\u2019emploie \u00e0 d\u00e9terminer et \u00e0 traiter les restrictions de mobilit\u00e9 qui peuvent affecter l\u2019ensemble des structures composant le corps humain.&nbsp;<\/p>\n\n\n\n<p class=\"has-text-align-left\">Un salari\u00e9 sur cinq d\u00e9clare souffrir de troubles de sant\u00e9 li\u00e9s au stress. Le stress provient des agressions ext\u00e9rieures que subit l\u2019organisme : bruit, surmenage, pression, conflits \u2026 Il provoque des modifications dans le corps comme syst\u00e8me de d\u00e9fense.<br>Les sympt\u00f4mes dus \u00e0 un \u00e9tat de stress chroniques sont :\u00a0<br>&#8211; palpations<br>&#8211; douleurs musculaires et articulaires<br>&#8211; maux de t\u00eate, troubles du sommeil<br>&#8211; troubles de l\u2019app\u00e9tit et de la digestion<br>&#8211; sueurs inhabituelles<br>&#8211; mal de dos<br>&#8211; nervosit\u00e9\u00a0<\/p>\n\n\n\n<p><\/p>\n\n\n\n<h2 class=\"wp-block-heading\">Bien vieillir avec l\u2019Ost\u00e9opathie : <\/h2>\n\n\n\n<p>Les traitements ost\u00e9opathies am\u00e9liorent l\u2019\u00e9quilibre, diminuent les douleurs ressenties \u00e0 court et long termes et ainsi participent \u00e0 l\u2019am\u00e9lioration de la qualit\u00e9 de vie.\u00a0<\/p>\n\n\n\n<p>Trois niveaux de pr\u00e9vention pour promouvoir le \u00ab&nbsp;mieux vieillir&nbsp;\u00bb :&nbsp;<\/p>\n\n\n\n<ul class=\"wp-block-list\">\n<li>la pr\u00e9vention primaire a pour but de maintenir en bonne sant\u00e9. Effectu\u00e9e r\u00e9guli\u00e8rement elle permet d\u2019\u00e9viter l\u2019apparition de troubles fonctionnels. Le senior entretient souplesse et \u00e9quilibre pour pouvoir vivre sans contrainte.&nbsp;<\/li>\n\n\n\n<li>la pr\u00e9vention secondaire soigne le trouble fonctionnel qui est apparu avec le temps ou suite \u00e0 un traumatisme corporel, et permet d\u2019\u00e9viter rechutes et r\u00e9cidives. L\u2019ost\u00e9opathe a pour but de normaliser les al\u00e9as traumatiques articulaires, freine les impacts infectieux, viraux ou cicatriciels et maintient la mobilit\u00e9 visc\u00e9rale pour devenir la d\u00e9g\u00e9n\u00e9rescence des tissus.&nbsp;<\/li>\n\n\n\n<li>la pr\u00e9vention tertiaire minimise une pathologie d\u00e9j\u00e0 pr\u00e9sente et cherche \u00e0 diminuer l\u2019invalidit\u00e9 du patient. Lorsque la maladie est pr\u00e9sente, le praticien soutient la sant\u00e9 en minorant les diff\u00e9rents troubles annexes et conjoints. Une entorse de la cheville, un lumbago ou une douleur ne peuvent que rajouter \u00e0 la peine d\u2019une personne atteinte de Parkinson, d\u2019insuffisance respiratoire ou d\u2019un cancer.\u00a0<\/li>\n<\/ul>\n\n\n\n<p><\/p>\n\n\n\n<p><\/p>\n","protected":false},"excerpt":{"rendered":"<p>D\u00e9finition Ost\u00e9opathie : L\u2019ost\u00e9opathie est une m\u00e9thode de soins qui s\u2019emploie \u00e0 d\u00e9terminer et \u00e0 traiter les restrictions de mobilit\u00e9s qui peuvent affecter l\u2019ensemble des structures qui composent le corps humain.Toute perte de mobilit\u00e9 des articulations, des muscles, des ligaments ou des visc\u00e8res peuvent provoquer un d\u00e9s\u00e9quilibre de l\u2019\u00e9tat de sant\u00e9.\u00a0 L\u2019ost\u00e9opathie est fond\u00e9e sur [&hellip;]<\/p>\n","protected":false},"author":1,"featured_media":0,"parent":0,"menu_order":0,"comment_status":"closed","ping_status":"closed","template":"","meta":{"footnotes":""},"class_list":["post-64","page","type-page","status-publish","hentry"],"_links":{"self":[{"href":"https:\/\/verdenet-arruat-osteopathie.fr\/index.php\/wp-json\/wp\/v2\/pages\/64","targetHints":{"allow":["GET"]}}],"collection":[{"href":"https:\/\/verdenet-arruat-osteopathie.fr\/index.php\/wp-json\/wp\/v2\/pages"}],"about":[{"href":"https:\/\/verdenet-arruat-osteopathie.fr\/index.php\/wp-json\/wp\/v2\/types\/page"}],"author":[{"embeddable":true,"href":"https:\/\/verdenet-arruat-osteopathie.fr\/index.php\/wp-json\/wp\/v2\/users\/1"}],"replies":[{"embeddable":true,"href":"https:\/\/verdenet-arruat-osteopathie.fr\/index.php\/wp-json\/wp\/v2\/comments?post=64"}],"version-history":[{"count":5,"href":"https:\/\/verdenet-arruat-osteopathie.fr\/index.php\/wp-json\/wp\/v2\/pages\/64\/revisions"}],"predecessor-version":[{"id":164,"href":"https:\/\/verdenet-arruat-osteopathie.fr\/index.php\/wp-json\/wp\/v2\/pages\/64\/revisions\/164"}],"wp:attachment":[{"href":"https:\/\/verdenet-arruat-osteopathie.fr\/index.php\/wp-json\/wp\/v2\/media?parent=64"}],"curies":[{"name":"wp","href":"https:\/\/api.w.org\/{rel}","templated":true}]}}